{"id":28326,"date":"2025-04-22T17:20:53","date_gmt":"2025-04-22T23:20:53","guid":{"rendered":"https:\/\/zijin12.com\/?post_type=product&#038;p=28326"},"modified":"2025-09-17T17:16:11","modified_gmt":"2025-09-17T23:16:11","slug":"microfono-condensador-color-negro-y-rojo","status":"publish","type":"product","link":"https:\/\/zijin12.com\/en\/product\/microfono-condensador-color-negro-y-rojo\/","title":{"rendered":"MICR\u00d3FONO SB GAMER RGB CON TR\u00cdPODE PARA PC Y LAPTOP"},"content":{"rendered":"<p>PRODUCTO DISPONIBLE PARA ENV\u00cdO INMEDIATO<br \/>\nMarca: XIIRD | Producto Original.<\/p>\n<p>MICR\u00d3FONO USB PROFESIONAL CON TR\u00cdPIE &#8211; Estudio de Grabaci\u00f3n en Casa<\/p>\n<p>\u00a1Sonido de estudio a precio accesible! Ideal para streamers, podcasters y gamers que buscan calidad profesional sin inversiones complicadas. Con reducci\u00f3n de ruido y estilo RGB, lleva tus grabaciones al siguiente nivel.<\/p>\n<p>\u00bfPOR QU\u00c9 ELEGIR NUESTRO MICR\u00d3FONO?<br \/>\n&#8211; Calidad de Estudio: Captura voces n\u00edtidas y limpias (frecuencia optimizada para voz humana)<br \/>\n&#8211; Plug &amp; Play: Conexi\u00f3n USB sin drivers \u2013 listo en segundos (Windows\/Mac compatible)<br \/>\n&#8211; Dise\u00f1o Gamer Pro: Iluminaci\u00f3n RGB personalizable (16 colores) + acabado anti-huellas<br \/>\n&#8211; Kit Completo: Incluye tr\u00edpode ajustable anti-vibraciones y pop filter integrado<br \/>\nMultiusos: Perfecto para:<br \/>\n&#8211; Streaming en Twitch\/YouTube<br \/>\n&#8211; Grabaci\u00f3n de podcasts<br \/>\n&#8211; Llamadas profesionales<br \/>\n&#8211; Juegos online (Discord, Zoom)<\/p>\n<p>ESPECIFICACIONES T\u00c9CNICAS:<br \/>\n&#8211; Tipo: Condensador USB (al\u00e1mbrico)<br \/>\n&#8211; Patr\u00f3n polar: Cardioide (enfocado en tu voz)<br \/>\n&#8211; Frecuencia: 50Hz-16kHz (optimizado para medios digitales)<br \/>\n&#8211; RGB: 16 efectos de luz (apagable)<br \/>\n&#8211; Conexi\u00f3n: Cable integrado de 2m (USB-A)<\/p>\n<p>IDEAL PARA:<br \/>\n&#8211; Gamers que quieren destacar en sus transmisiones<br \/>\n&#8211; Podcasters que buscan claridad profesional<br \/>\n&#8211; Profesores\/tutores online<br \/>\n&#8211; M\u00fasicos que graban demos en casa<\/p>\n<p>INCLUYE:<br \/>\n&#8211; 1x Micr\u00f3fono USB<br \/>\n&#8211; 1x Tr\u00edpode ajustable<br \/>\n&#8211; 1x Manual en espa\u00f1ol<\/p>\n<p>#SonidoPro #StreamingComoUnProfesional #TuVozMereceCalidad<\/p>\n<p>[\u00a1COMPRA AHORA Y EMPIEZA A GRABAR HOY!]<\/p>","protected":false},"excerpt":{"rendered":"<div class=\"ui-vpp-striped-specs\">\n<div class=\"ui-vpp-striped-specs__table\">\n<h3 class=\"ui-vpp-striped-specs__header\">Caracter\u00edsticas generales<\/h3>\n<table class=\"andes-table\">\n<tbody class=\"andes-table__body\">\n<tr class=\"andes-table__row ui-vpp-striped-specs__row\">\n<th class=\"andes-table__header andes-table__header--left ui-vpp-striped-specs__row__column ui-vpp-striped-specs__row__column--id\" scope=\"row\">\n<div class=\"andes-table__header__container\">Marca<\/div>\n<\/th>\n<td id=\":R197ilpakp7de:\" class=\"andes-table__column andes-table__column--left andes-table__column--vertical-align-center ui-vpp-striped-specs__row__column\"><span id=\":R197ilpakp7de:-value\" class=\"andes-table__column--value\">XIIR<\/span><\/td>\n<\/tr>\n<tr class=\"andes-table__row ui-vpp-striped-specs__row\">\n<th class=\"andes-table__header andes-table__header--left ui-vpp-striped-specs__row__column ui-vpp-striped-specs__row__column--id\" scope=\"row\">\n<div class=\"andes-table__header__container\">Modelo<\/div>\n<\/th>\n<td id=\":R19bilpakp7de:\" class=\"andes-table__column andes-table__column--left andes-table__column--vertical-align-center ui-vpp-striped-specs__row__column\"><span id=\":R19bilpakp7de:-value\" class=\"andes-table__column--value\">Gen\u00e9rica<\/span><\/td>\n<\/tr>\n<tr class=\"andes-table__row ui-vpp-striped-specs__row\">\n<th class=\"andes-table__header andes-table__header--left ui-vpp-striped-specs__row__column ui-vpp-striped-specs__row__column--id\" scope=\"row\">\n<div class=\"andes-table__header__container\">Color<\/div>\n<\/th>\n<td id=\":R19filpakp7de:\" class=\"andes-table__column andes-table__column--left andes-table__column--vertical-align-center ui-vpp-striped-specs__row__column\"><span id=\":R19filpakp7de:-value\" class=\"andes-table__column--value\">Negro con Rojo<\/span><\/td>\n<\/tr>\n<tr class=\"andes-table__row ui-vpp-striped-specs__row\">\n<th class=\"andes-table__header andes-table__header--left ui-vpp-striped-specs__row__column ui-vpp-striped-specs__row__column--id\" scope=\"row\">\n<div class=\"andes-table__header__container\">Es gamer<\/div>\n<\/th>\n<td id=\":R19jilpakp7de:\" class=\"andes-table__column andes-table__column--left andes-table__column--vertical-align-center ui-vpp-striped-specs__row__column\"><span id=\":R19jilpakp7de:-value\" class=\"andes-table__column--value\">S\u00ed<\/span><\/td>\n<\/tr>\n<\/tbody>\n<\/table>\n<\/div>\n<div class=\"ui-vpp-striped-specs__table\">\n<h3 class=\"ui-vpp-striped-specs__header\">Conectividad<\/h3>\n<table class=\"andes-table\">\n<tbody class=\"andes-table__body\">\n<tr class=\"andes-table__row ui-vpp-striped-specs__row\">\n<th class=\"andes-table__header andes-table__header--left ui-vpp-striped-specs__row__column ui-vpp-striped-specs__row__column--id\" scope=\"row\">\n<div class=\"andes-table__header__container\">Tipos de conexiones<\/div>\n<\/th>\n<td id=\":Rknklpakp7de:\" class=\"andes-table__column andes-table__column--left andes-table__column--vertical-align-center ui-vpp-striped-specs__row__column\"><span id=\":Rknklpakp7de:-value\" class=\"andes-table__column--value\">Con cable<\/span><\/td>\n<\/tr>\n<tr class=\"andes-table__row ui-vpp-striped-specs__row\">\n<th class=\"andes-table__header andes-table__header--left ui-vpp-striped-specs__row__column ui-vpp-striped-specs__row__column--id\" scope=\"row\">\n<div class=\"andes-table__header__container\">Con Bluetooth<\/div>\n<\/th>\n<td id=\":Rkrklpakp7de:\" class=\"andes-table__column andes-table__column--left andes-table__column--vertical-align-center ui-vpp-striped-specs__row__column\"><span id=\":Rkrklpakp7de:-value\" class=\"andes-table__column--value\">No<\/span><\/td>\n<\/tr>\n<\/tbody>\n<\/table>\n<\/div>\n<div class=\"ui-vpp-striped-specs__table\">\n<h3 class=\"ui-vpp-striped-specs__header\">Frecuencia<\/h3>\n<table class=\"andes-table\">\n<tbody class=\"andes-table__body\">\n<tr class=\"andes-table__row ui-vpp-striped-specs__row\">\n<th class=\"andes-table__header andes-table__header--left ui-vpp-striped-specs__row__column ui-vpp-striped-specs__row__column--id\" scope=\"row\">\n<div class=\"andes-table__header__container\">Frecuencia m\u00ednima &#8211; Frecuencia m\u00e1xima<\/div>\n<\/th>\n<td id=\":Rafmlpakp7de:\" class=\"andes-table__column andes-table__column--left andes-table__column--vertical-align-center ui-vpp-striped-specs__row__column\"><span id=\":Rafmlpakp7de:-value\" class=\"andes-table__column--value\">16 Hz &#8211; 50 Hz<\/span><\/td>\n<\/tr>\n<\/tbody>\n<\/table>\n<\/div>\n<\/div>\n<div class=\"ui-vpp-striped-specs\">\n<div class=\"ui-vpp-striped-specs__table\">\n<h3 class=\"ui-vpp-striped-specs__header\">Especificaciones<\/h3>\n<table class=\"andes-table\">\n<tbody class=\"andes-table__body\">\n<tr class=\"andes-table__row ui-vpp-striped-specs__row\">\n<th class=\"andes-table__header andes-table__header--left ui-vpp-striped-specs__row__column ui-vpp-striped-specs__row__column--id\" scope=\"row\">\n<div class=\"andes-table__header__container\">Formatos de micr\u00f3fono<\/div>\n<\/th>\n<td id=\":Rknj5pakp7de:\" class=\"andes-table__column andes-table__column--left andes-table__column--vertical-align-center ui-vpp-striped-specs__row__column\"><span id=\":Rknj5pakp7de:-value\" class=\"andes-table__column--value\">De mesa<\/span><\/td>\n<\/tr>\n<tr class=\"andes-table__row ui-vpp-striped-specs__row\">\n<th class=\"andes-table__header andes-table__header--left ui-vpp-striped-specs__row__column ui-vpp-striped-specs__row__column--id\" scope=\"row\">\n<div class=\"andes-table__header__container\">Tipos de micr\u00f3fono<\/div>\n<\/th>\n<td id=\":Rkrj5pakp7de:\" class=\"andes-table__column andes-table__column--left andes-table__column--vertical-align-center ui-vpp-striped-specs__row__column\"><span id=\":Rkrj5pakp7de:-value\" class=\"andes-table__column--value\">Condensador<\/span><\/td>\n<\/tr>\n<tr class=\"andes-table__row ui-vpp-striped-specs__row\">\n<th class=\"andes-table__header andes-table__header--left ui-vpp-striped-specs__row__column ui-vpp-striped-specs__row__column--id\" scope=\"row\">\n<div class=\"andes-table__header__container\">Cantidad de micr\u00f3fonos<\/div>\n<\/th>\n<td id=\":Rkvj5pakp7de:\" class=\"andes-table__column andes-table__column--left andes-table__column--vertical-align-center ui-vpp-striped-specs__row__column\"><span id=\":Rkvj5pakp7de:-value\" class=\"andes-table__column--value\">1<\/span><\/td>\n<\/tr>\n<\/tbody>\n<\/table>\n<\/div>\n<div class=\"ui-vpp-striped-specs__table\">\n<h3 class=\"ui-vpp-striped-specs__header\">Otros<\/h3>\n<table class=\"andes-table\">\n<tbody class=\"andes-table__body\">\n<tr class=\"andes-table__row ui-vpp-striped-specs__row\">\n<th class=\"andes-table__header andes-table__header--left ui-vpp-striped-specs__row__column ui-vpp-striped-specs__row__column--id\" scope=\"row\">\n<div class=\"andes-table__header__container\">Largo del cable<\/div>\n<\/th>\n<td id=\":Rknl5pakp7de:\" class=\"andes-table__column andes-table__column--left andes-table__column--vertical-align-center ui-vpp-striped-specs__row__column\"><span id=\":Rknl5pakp7de:-value\" class=\"andes-table__column--value\">1 m<\/span><\/td>\n<\/tr>\n<tr class=\"andes-table__row ui-vpp-striped-specs__row\">\n<th class=\"andes-table__header andes-table__header--left ui-vpp-striped-specs__row__column ui-vpp-striped-specs__row__column--id\" scope=\"row\">\n<div class=\"andes-table__header__container\">Usos recomendados del micr\u00f3fono<\/div>\n<\/th>\n<td id=\":Rkrl5pakp7de:\" class=\"andes-table__column andes-table__column--left andes-table__column--vertical-align-center ui-vpp-striped-specs__row__column\"><span id=\":Rkrl5pakp7de:-value\" class=\"andes-table__column--value\">Discursos, Grabaciones, Videollamadas<\/span><\/td>\n<\/tr>\n<tr class=\"andes-table__row ui-vpp-striped-specs__row\">\n<th class=\"andes-table__header andes-table__header--left ui-vpp-striped-specs__row__column ui-vpp-striped-specs__row__column--id\" scope=\"row\">\n<div class=\"andes-table__header__container\">Con parlantes incorporados<\/div>\n<\/th>\n<td id=\":Rkvl5pakp7de:\" class=\"andes-table__column andes-table__column--left andes-table__column--vertical-align-center ui-vpp-striped-specs__row__column\"><span id=\":Rkvl5pakp7de:-value\" class=\"andes-table__column--value\">No<\/span><\/td>\n<\/tr>\n<\/tbody>\n<\/table>\n<\/div>\n<\/div>","protected":false},"featured_media":29170,"comment_status":"open","ping_status":"closed","template":"","meta":[],"product_brand":[],"product_cat":[154],"product_tag":[],"class_list":{"0":"post-28326","1":"product","2":"type-product","3":"status-publish","4":"has-post-thumbnail","6":"product_cat-tecnologia-y-equipamiento-especializado","8":"first","9":"instock","10":"sale","11":"shipping-taxable","12":"purchasable","13":"product-type-simple"},"_links":{"self":[{"href":"https:\/\/zijin12.com\/en\/wp-json\/wp\/v2\/product\/28326","targetHints":{"allow":["GET"]}}],"collection":[{"href":"https:\/\/zijin12.com\/en\/wp-json\/wp\/v2\/product"}],"about":[{"href":"https:\/\/zijin12.com\/en\/wp-json\/wp\/v2\/types\/product"}],"replies":[{"embeddable":true,"href":"https:\/\/zijin12.com\/en\/wp-json\/wp\/v2\/comments?post=28326"}],"version-history":[{"count":4,"href":"https:\/\/zijin12.com\/en\/wp-json\/wp\/v2\/product\/28326\/revisions"}],"predecessor-version":[{"id":30603,"href":"https:\/\/zijin12.com\/en\/wp-json\/wp\/v2\/product\/28326\/revisions\/30603"}],"wp:featuredmedia":[{"embeddable":true,"href":"https:\/\/zijin12.com\/en\/wp-json\/wp\/v2\/media\/29170"}],"wp:attachment":[{"href":"https:\/\/zijin12.com\/en\/wp-json\/wp\/v2\/media?parent=28326"}],"wp:term":[{"taxonomy":"product_brand","embeddable":true,"href":"https:\/\/zijin12.com\/en\/wp-json\/wp\/v2\/product_brand?post=28326"},{"taxonomy":"product_cat","embeddable":true,"href":"https:\/\/zijin12.com\/en\/wp-json\/wp\/v2\/product_cat?post=28326"},{"taxonomy":"product_tag","embeddable":true,"href":"https:\/\/zijin12.com\/en\/wp-json\/wp\/v2\/product_tag?post=28326"}],"curies":[{"name":"wp","href":"https:\/\/api.w.org\/{rel}","templated":true}]}}