{"id":28372,"date":"2025-04-23T13:31:52","date_gmt":"2025-04-23T19:31:52","guid":{"rendered":"https:\/\/zijin12.com\/?post_type=product&#038;p=28372"},"modified":"2025-09-12T12:18:56","modified_gmt":"2025-09-12T18:18:56","slug":"silla-gamer-xc","status":"publish","type":"product","link":"https:\/\/zijin12.com\/en\/product\/silla-gamer-xc\/","title":{"rendered":"SILLA GAMER ERGONOMICA PARA ESCRITORIO MOD XC"},"content":{"rendered":"<p>PRODUCTO DISPONIBLE PARA ENV\u00cdO INMEDIATO<br \/>\nMarca: XIIRD | Producto Original.<\/p>\n<p>SILLA GAMER MOD XC &#8211; EXPERIENCIA \u00c9PICA DE CONFORT Y ESTILO<\/p>\n<p>Domina tus partidas con el trono que mereces<br \/>\nDise\u00f1ada para gamers exigentes y profesionales que valoran ergonom\u00eda, durabilidad y estilo. La silla MOD XC combina tecnolog\u00eda de soporte lumbar, ajustes personalizables y materiales premium para sesiones marat\u00f3nicas sin fatiga.<\/p>\n<p>CARACTER\u00cdSTICAS QUE TE CONQUISTAR\u00c1N:<br \/>\nSistema ergon\u00f3mico completo:<br \/>\n&#8211; Cojines lumbar y cervical ajustables<br \/>\n&#8211; Respaldo reclinable 90\u00b0-125\u00b0 (posici\u00f3n de batalla o descanso)<br \/>\n&#8211; Pist\u00f3n de gas clase 4 (altura regulable 43-52 cm)<br \/>\nEstructura invencible:<br \/>\n&#8211; Base met\u00e1lica de acero reforzado (120 kg de capacidad)<br \/>\n&#8211; Ruedas silenciosas 360\u00b0 para movilidad t\u00e1ctil<br \/>\n&#8211; Descansa pies extensible (modo relax activado)<br \/>\nDise\u00f1o premium:<br \/>\n&#8211; Tapizado vinipiel ultra-resistente (anti-rasgaduras)<br \/>\n&#8211; Costuras reforzadas triple hilo<br \/>\n&#8211; 4 combinaciones de colores vibrantes<\/p>\n<p>ESPECIFICACIONES T\u00c9CNICAS (PARA GAMERS SERIOS):<br \/>\n&#8211; Dimensiones: 114-124 cm (altura total) \/ 61.5 cm (ancho entre brazos)<br \/>\n&#8211; Asiento XXL: 37.5&#215;51 cm (espuma HD de 10 cm)<br \/>\n&#8211; Peso neto: 18 kg &#8211; Estabilidad profesional<br \/>\n&#8211; Certificaciones: Normas BIFMA y EN 1335<\/p>\n<p>BENEFICIOS EXCLUSIVOS:<br \/>\n&#8211; Kit gamer incluido: Cojines + herramientas de armado<br \/>\n&#8211; Garant\u00eda<br \/>\n&#8211; Env\u00edo express<\/p>\n<p>PARA QUI\u00c9N ES ESTA SILLA:<br \/>\n&#8211; Gamers competitivos (eSports, MMORPG, FPS)<br \/>\n&#8211; Streamers (confort para transmisiones largas)<br \/>\n&#8211; Teletrabajadores (ergonom\u00eda certificada)<br \/>\nColeccionistas (dise\u00f1o futurista)<\/p>\n<p>PRO TIP:<br \/>\n&#8220;Comb\u00ednala con:<br \/>\n&#8211; Escritorio gamer curvo<br \/>\n&#8211; Soporte para auriculares<br \/>\n&#8211; Alfombrilla RGB XL&#8221;*<\/p>\n<p>LOG\u00cdSTICA GAMER:<br \/>\n&#8211; Origen: Dise\u00f1o mexicano &#8211; Manufactura china gamer-grade<br \/>\n&#8211; Embalaje: Caja reforzada con protecci\u00f3n anti-impactos<\/p>\n<p>Eleva tu experiencia de juego o trabajo con una silla gamer que combina comodidad, dise\u00f1o ergon\u00f3mico y resistencia, pensada para brindarte horas de confort y un estilo que marca la diferencia.<\/p>","protected":false},"excerpt":{"rendered":"<div class=\"ui-vpp-striped-specs\">\n<div class=\"ui-vpp-striped-specs__table\">\n<h3 class=\"ui-vpp-striped-specs__header\">Caracter\u00edsticas principales<\/h3>\n<table class=\"andes-table\">\n<tbody class=\"andes-table__body\">\n<tr class=\"andes-table__row ui-vpp-striped-specs__row\">\n<th class=\"andes-table__header andes-table__header--left ui-vpp-striped-specs__row__column ui-vpp-striped-specs__row__column--id\" scope=\"row\">\n<div class=\"andes-table__header__container\">Marca<\/div>\n<\/th>\n<td id=\":Rknlbkulqc5e:\" class=\"andes-table__column andes-table__column--left andes-table__column--vertical-align-center ui-vpp-striped-specs__row__column\"><span id=\":Rknlbkulqc5e:-value\" class=\"andes-table__column--value\">Xiird<\/span><\/td>\n<\/tr>\n<tr class=\"andes-table__row ui-vpp-striped-specs__row\">\n<th class=\"andes-table__header andes-table__header--left ui-vpp-striped-specs__row__column ui-vpp-striped-specs__row__column--id\" scope=\"row\">\n<div class=\"andes-table__header__container\">Modelo<\/div>\n<\/th>\n<td id=\":Rkrlbkulqc5e:\" class=\"andes-table__column andes-table__column--left andes-table__column--vertical-align-center ui-vpp-striped-specs__row__column\"><span id=\":Rkrlbkulqc5e:-value\" class=\"andes-table__column--value\">Xiird<\/span><\/td>\n<\/tr>\n<\/tbody>\n<\/table>\n<\/div>\n<\/div>\n<div class=\"ui-vpp-striped-specs\">\n<div class=\"ui-vpp-striped-specs__table\">\n<h3 class=\"ui-vpp-striped-specs__header\">Dimensiones<\/h3>\n<table class=\"andes-table\">\n<tbody class=\"andes-table__body\">\n<tr class=\"andes-table__row ui-vpp-striped-specs__row\">\n<th class=\"andes-table__header andes-table__header--left ui-vpp-striped-specs__row__column ui-vpp-striped-specs__row__column--id\" scope=\"row\">\n<div class=\"andes-table__header__container\">Largo x Ancho x Altura<\/div>\n<\/th>\n<td id=\":Rkv6bkulqc5e:\" class=\"andes-table__column andes-table__column--left andes-table__column--vertical-align-center ui-vpp-striped-specs__row__column\"><span id=\":Rkv6bkulqc5e:-value\" class=\"andes-table__column--value\">45.5 cm x 45.5 cm x 86 cm<\/span><\/td>\n<\/tr>\n<\/tbody>\n<\/table>\n<\/div>\n<div class=\"ui-vpp-striped-specs__table\">\n<h3 class=\"ui-vpp-striped-specs__header\">Otros<\/h3>\n<table class=\"andes-table\">\n<tbody class=\"andes-table__body\">\n<tr class=\"andes-table__row ui-vpp-striped-specs__row\">\n<th class=\"andes-table__header andes-table__header--left ui-vpp-striped-specs__row__column ui-vpp-striped-specs__row__column--id\" scope=\"row\">\n<div class=\"andes-table__header__container\">Mascotas recomendadas<\/div>\n<\/th>\n<td id=\":R2ifabkulqc5e:\" class=\"andes-table__column andes-table__column--left andes-table__column--vertical-align-center ui-vpp-striped-specs__row__column\"><span id=\":R2ifabkulqc5e:-value\" class=\"andes-table__column--value\">Aves, Canarios, Pericos, P\u00e1jaros<\/span><\/td>\n<\/tr>\n<tr class=\"andes-table__row ui-vpp-striped-specs__row\">\n<th class=\"andes-table__header andes-table__header--left ui-vpp-striped-specs__row__column ui-vpp-striped-specs__row__column--id\" scope=\"row\">\n<div class=\"andes-table__header__container\">Materiales<\/div>\n<\/th>\n<td id=\":R2inabkulqc5e:\" class=\"andes-table__column andes-table__column--left andes-table__column--vertical-align-center ui-vpp-striped-specs__row__column\"><span id=\":R2inabkulqc5e:-value\" class=\"andes-table__column--value\">Metal<\/span><\/td>\n<\/tr>\n<tr class=\"andes-table__row ui-vpp-striped-specs__row\">\n<th class=\"andes-table__header andes-table__header--left ui-vpp-striped-specs__row__column ui-vpp-striped-specs__row__column--id\" scope=\"row\">\n<div class=\"andes-table__header__container\">Cantidad de comederos<\/div>\n<\/th>\n<td id=\":R2ivabkulqc5e:\" class=\"andes-table__column andes-table__column--left andes-table__column--vertical-align-center ui-vpp-striped-specs__row__column\"><span id=\":R2ivabkulqc5e:-value\" class=\"andes-table__column--value\">1<\/span><\/td>\n<\/tr>\n<tr class=\"andes-table__row ui-vpp-striped-specs__row\">\n<th class=\"andes-table__header andes-table__header--left ui-vpp-striped-specs__row__column ui-vpp-striped-specs__row__column--id\" scope=\"row\">\n<div class=\"andes-table__header__container\">Cantidad de bebederos<\/div>\n<\/th>\n<td id=\":R2j7abkulqc5e:\" class=\"andes-table__column andes-table__column--left andes-table__column--vertical-align-center ui-vpp-striped-specs__row__column\"><span id=\":R2j7abkulqc5e:-value\" class=\"andes-table__column--value\">1<\/span><\/td>\n<\/tr>\n<tr class=\"andes-table__row ui-vpp-striped-specs__row\">\n<th class=\"andes-table__header andes-table__header--left ui-vpp-striped-specs__row__column ui-vpp-striped-specs__row__column--id\" scope=\"row\">\n<div class=\"andes-table__header__container\">Con bandeja removible<\/div>\n<\/th>\n<td id=\":R2jfabkulqc5e:\" class=\"andes-table__column andes-table__column--left andes-table__column--vertical-align-center ui-vpp-striped-specs__row__column\"><span id=\":R2jfabkulqc5e:-value\" class=\"andes-table__column--value\">S\u00ed<\/span><\/td>\n<\/tr>\n<tr class=\"andes-table__row ui-vpp-striped-specs__row\">\n<th class=\"andes-table__header andes-table__header--left ui-vpp-striped-specs__row__column ui-vpp-striped-specs__row__column--id\" scope=\"row\">\n<div class=\"andes-table__header__container\">Con rueda de ejercicios<\/div>\n<\/th>\n<td id=\":R2jnabkulqc5e:\" class=\"andes-table__column andes-table__column--left andes-table__column--vertical-align-center ui-vpp-striped-specs__row__column\"><span id=\":R2jnabkulqc5e:-value\" class=\"andes-table__column--value\">No<\/span><\/td>\n<\/tr>\n<tr class=\"andes-table__row ui-vpp-striped-specs__row\">\n<th class=\"andes-table__header andes-table__header--left ui-vpp-striped-specs__row__column ui-vpp-striped-specs__row__column--id\" scope=\"row\">\n<div class=\"andes-table__header__container\">Accesorios incluidos<\/div>\n<\/th>\n<td id=\":R2jvabkulqc5e:\" class=\"andes-table__column andes-table__column--left andes-table__column--vertical-align-center ui-vpp-striped-specs__row__column\"><span id=\":R2jvabkulqc5e:-value\" class=\"andes-table__column--value\">3 soportes de madera<\/span><\/td>\n<\/tr>\n<\/tbody>\n<\/table>\n<\/div>\n<\/div>","protected":false},"featured_media":28850,"comment_status":"open","ping_status":"closed","template":"","meta":[],"product_brand":[],"product_cat":[195],"product_tag":[],"class_list":{"0":"post-28372","1":"product","2":"type-product","3":"status-publish","4":"has-post-thumbnail","6":"product_cat-ocio-creatividad-entretenimiento","8":"first","9":"outofstock","10":"shipping-taxable","11":"product-type-variable"},"_links":{"self":[{"href":"https:\/\/zijin12.com\/en\/wp-json\/wp\/v2\/product\/28372","targetHints":{"allow":["GET"]}}],"collection":[{"href":"https:\/\/zijin12.com\/en\/wp-json\/wp\/v2\/product"}],"about":[{"href":"https:\/\/zijin12.com\/en\/wp-json\/wp\/v2\/types\/product"}],"replies":[{"embeddable":true,"href":"https:\/\/zijin12.com\/en\/wp-json\/wp\/v2\/comments?post=28372"}],"version-history":[{"count":4,"href":"https:\/\/zijin12.com\/en\/wp-json\/wp\/v2\/product\/28372\/revisions"}],"predecessor-version":[{"id":30569,"href":"https:\/\/zijin12.com\/en\/wp-json\/wp\/v2\/product\/28372\/revisions\/30569"}],"wp:featuredmedia":[{"embeddable":true,"href":"https:\/\/zijin12.com\/en\/wp-json\/wp\/v2\/media\/28850"}],"wp:attachment":[{"href":"https:\/\/zijin12.com\/en\/wp-json\/wp\/v2\/media?parent=28372"}],"wp:term":[{"taxonomy":"product_brand","embeddable":true,"href":"https:\/\/zijin12.com\/en\/wp-json\/wp\/v2\/product_brand?post=28372"},{"taxonomy":"product_cat","embeddable":true,"href":"https:\/\/zijin12.com\/en\/wp-json\/wp\/v2\/product_cat?post=28372"},{"taxonomy":"product_tag","embeddable":true,"href":"https:\/\/zijin12.com\/en\/wp-json\/wp\/v2\/product_tag?post=28372"}],"curies":[{"name":"wp","href":"https:\/\/api.w.org\/{rel}","templated":true}]}}